{"id":497,"date":"2021-09-14T11:46:03","date_gmt":"2021-09-14T09:46:03","guid":{"rendered":"https:\/\/www2.domainedelavalaine.com\/?page_id=497"},"modified":"2021-10-18T13:46:58","modified_gmt":"2021-10-18T11:46:58","slug":"jardins-etretat","status":"publish","type":"page","link":"https:\/\/www.domainedelavalaine.com\/en\/jardins-etretat\/","title":{"rendered":"Jardins Etretat"},"content":{"rendered":"\n<div class=\"wp-block-group page-header no-pic\"><div class=\"wp-block-group__inner-container is-layout-flow wp-block-group-is-layout-flow\">\n<div id=\"\" class=\"wp-block-ubb-block-container container\">\n<h2 class=\"title wp-block-heading\">Les jardins d&#8217;Etretat<\/h2>\n<\/div>\n<\/div><\/div>\n\n\n\n<section class=\"wp-block-group\"><div class=\"wp-block-group__inner-container is-layout-flow wp-block-group-is-layout-flow\">\n<div id=\"\" class=\"wp-block-ubb-block-container container\">\n<div class=\"wp-block-columns is-layout-flex wp-container-core-columns-is-layout-9d6595d7 wp-block-columns-is-layout-flex\">\n<div class=\"wp-block-column is-layout-flow wp-block-column-is-layout-flow\" style=\"flex-basis:50%\">\n<p>Les Jardins d&#8217;\u00c9tretat n\u00e9o-futuristes s\u2019\u00e9tendent sur les falaises de la C\u00f4te d\u2019Alb\u00e2tre, une des merveilles de la Normandie avec une vue class\u00e9e au Patrimoine Mondial de l&#8217;UNESCO. Les jardins s&#8217;inscrivent dans un jeu de volumes en topiaire o\u00f9 le paysage, l&#8217;art contemporain, l&#8217;architecture et dialoguent en toute po\u00e9sie. Le projet est devenu laur\u00e9at du European Garden Award dans la cat\u00e9gorie \u00ab Meilleure mise en valeur d&#8217;un jardin historique \u00bb et poss\u00e8de le label Jardin remarquable.<\/p>\n\n\n\n<p>Pour plus d&#8217;informations: <a rel=\"noreferrer noopener\" href=\"https:\/\/etretatgarden.fr\/\" target=\"_blank\">Les jardins d&#8217;Etretat<\/a> <\/p>\n<\/div>\n\n\n\n<div class=\"wp-block-column is-layout-flow wp-block-column-is-layout-flow\" style=\"flex-basis:50%\">\n<div class=\"wp-block-image\"><figure class=\"aligncenter size-large is-resized\"><img decoding=\"async\" src=\"https:\/\/www2.domainedelavalaine.com\/wp-content\/uploads\/jardins_etretat-edited.jpg\" alt=\"\" class=\"wp-image-628\" width=\"383\" height=\"384\" srcset=\"https:\/\/www.domainedelavalaine.com\/wp-content\/uploads\/jardins_etretat-edited.jpg 766w, https:\/\/www.domainedelavalaine.com\/wp-content\/uploads\/jardins_etretat-edited-300x300.jpg 300w, https:\/\/www.domainedelavalaine.com\/wp-content\/uploads\/jardins_etretat-edited-150x150.jpg 150w\" sizes=\"(max-width: 383px) 100vw, 383px\" \/><figcaption>\u00a9 LES JARDINS D\u2019\u00c9TRETAT <\/figcaption><\/figure><\/div>\n<\/div>\n<\/div>\n<\/div>\n<\/div><\/section>\n\n\n\n<section id=\"alentours\" class=\"wp-block-group cards\"><div class=\"wp-block-group__inner-container is-layout-flow wp-block-group-is-layout-flow\">\n<div class=\"wp-block-group section-header bg-white\"><div class=\"wp-block-group__inner-container is-layout-flow wp-block-group-is-layout-flow\">\n<div id=\"\" class=\"wp-block-ubb-block-container container\">\n<h2 class=\"title wp-block-heading\">Aux alentours<\/h2>\n\n\n\n<p>Voici une s\u00e9lection des activit\u00e9s proches<\/p>\n<\/div>\n<\/div><\/div>\n\n\n\n<div id=\"\" class=\"wp-block-ubb-block-container container\">\n<div class=\"row   \" class=\"wp-block-ubb-block-row\">\n\n<div class=\"wp-block-ubb-block-columns  col-md-4 col-xs-6\">\n<div class=\"wp-block-lazyblock-figure lazyblock-figure-2sj2hA\"><figure>\r\n  <figcaption style=\"background-image: url(https:\/\/www.domainedelavalaine.com\/wp-content\/uploads\/golf_1.jpg)\"><img style=\"background-image: url(https:\/\/www.domainedelavalaine.com\/wp-content\/uploads\/golf_1.jpg)\" alt=\"\"><\/figcaption>\r\n  <a class=\"btn btn-clean\" href=\"https:\/\/www.domainedelavalaine.com\/golf\">Le Golf<\/a>\r\n<\/figure><\/div>\n<\/div>\n\n\n<div class=\"wp-block-ubb-block-columns  col-md-4 col-xs-6\">\n<div class=\"wp-block-lazyblock-figure lazyblock-figure-ZfFvI5\"><figure>\r\n  <figcaption style=\"background-image: url(https:\/\/www.domainedelavalaine.com\/wp-content\/uploads\/equitation_1.jpg)\"><img style=\"background-image: url(https:\/\/www.domainedelavalaine.com\/wp-content\/uploads\/equitation_1.jpg)\" alt=\"\"><\/figcaption>\r\n  <a class=\"btn btn-clean\" href=\"https:\/\/www.domainedelavalaine.com\/equitation\/\">Equitation<\/a>\r\n<\/figure><\/div>\n<\/div>\n\n\n<div class=\"wp-block-ubb-block-columns  col-md-4 col-xs-6\">\n<div class=\"wp-block-lazyblock-figure lazyblock-figure-ZKzOQA\"><figure>\r\n  <figcaption style=\"background-image: url(https:\/\/www.domainedelavalaine.com\/wp-content\/uploads\/jardins_etretat-edited.jpg)\"><img style=\"background-image: url(https:\/\/www.domainedelavalaine.com\/wp-content\/uploads\/jardins_etretat-edited.jpg)\" alt=\"\"><\/figcaption>\r\n  <a class=\"btn btn-clean\" href=\"https:\/\/www.domainedelavalaine.com\/jardins-etretat\/\">Les jardins d&#8217;Etretat<\/a>\r\n<\/figure><\/div>\n<\/div>\n\n\n<div class=\"wp-block-ubb-block-columns  col-md-4 col-xs-6\">\n<div class=\"wp-block-lazyblock-figure lazyblock-figure-1gOBMM\"><figure>\r\n  <figcaption style=\"background-image: url(https:\/\/www.domainedelavalaine.com\/wp-content\/uploads\/rando_1.jpg)\"><img style=\"background-image: url(https:\/\/www.domainedelavalaine.com\/wp-content\/uploads\/rando_1.jpg)\" alt=\"\"><\/figcaption>\r\n  <a class=\"btn btn-clean\" href=\"https:\/\/www.domainedelavalaine.com\/randonnees\/\">Randonn\u00e9e<\/a>\r\n<\/figure><\/div>\n<\/div>\n\n\n<div class=\"wp-block-ubb-block-columns  col-md-4 col-xs-6\">\n<div class=\"wp-block-lazyblock-figure lazyblock-figure-LWNnK\"><figure>\r\n  <figcaption style=\"background-image: url(https:\/\/www.domainedelavalaine.com\/wp-content\/uploads\/canoe.jpg)\"><img style=\"background-image: url(https:\/\/www.domainedelavalaine.com\/wp-content\/uploads\/canoe.jpg)\" alt=\"\"><\/figcaption>\r\n  <a class=\"btn btn-clean\" href=\"https:\/\/www.domainedelavalaine.com\/canoe-kayak\/\">Cano\u00eb-kayak<\/a>\r\n<\/figure><\/div>\n<\/div>\n\n\n<div class=\"wp-block-ubb-block-columns  col-md-4 col-xs-6\">\n<div class=\"wp-block-lazyblock-figure lazyblock-figure-Z1cV22w\"><figure>\r\n  <figcaption style=\"background-image: url(https:\/\/www.domainedelavalaine.com\/wp-content\/uploads\/plages_1.jpg)\"><img style=\"background-image: url(https:\/\/www.domainedelavalaine.com\/wp-content\/uploads\/plages_1.jpg)\" alt=\"\"><\/figcaption>\r\n  <a class=\"btn btn-clean\" href=\"https:\/\/www.domainedelavalaine.com\/plages\/\">Les plages<\/a>\r\n<\/figure><\/div>\n<\/div>\n\n<\/div>\n<\/div>\n<\/div><\/section>\n","protected":false},"excerpt":{"rendered":"","protected":false},"author":1,"featured_media":0,"parent":0,"menu_order":0,"comment_status":"closed","ping_status":"closed","template":"","meta":{"footnotes":""},"class_list":["post-497","page","type-page","status-publish","hentry"],"translation":{"provider":"WPGlobus","version":"2.8.11","language":"en","enabled_languages":["fr","en"],"languages":{"fr":{"title":true,"content":true,"excerpt":false},"en":{"title":false,"content":false,"excerpt":false}}},"_links":{"self":[{"href":"https:\/\/www.domainedelavalaine.com\/en\/wp-json\/wp\/v2\/pages\/497","targetHints":{"allow":["GET"]}}],"collection":[{"href":"https:\/\/www.domainedelavalaine.com\/en\/wp-json\/wp\/v2\/pages"}],"about":[{"href":"https:\/\/www.domainedelavalaine.com\/en\/wp-json\/wp\/v2\/types\/page"}],"author":[{"embeddable":true,"href":"https:\/\/www.domainedelavalaine.com\/en\/wp-json\/wp\/v2\/users\/1"}],"replies":[{"embeddable":true,"href":"https:\/\/www.domainedelavalaine.com\/en\/wp-json\/wp\/v2\/comments?post=497"}],"version-history":[{"count":6,"href":"https:\/\/www.domainedelavalaine.com\/en\/wp-json\/wp\/v2\/pages\/497\/revisions"}],"predecessor-version":[{"id":859,"href":"https:\/\/www.domainedelavalaine.com\/en\/wp-json\/wp\/v2\/pages\/497\/revisions\/859"}],"wp:attachment":[{"href":"https:\/\/www.domainedelavalaine.com\/en\/wp-json\/wp\/v2\/media?parent=497"}],"curies":[{"name":"wp","href":"https:\/\/api.w.org\/{rel}","templated":true}]}}