{"id":617,"date":"2021-09-20T19:25:31","date_gmt":"2021-09-20T17:25:31","guid":{"rendered":"https:\/\/www2.domainedelavalaine.com\/?page_id=617"},"modified":"2021-10-18T13:46:46","modified_gmt":"2021-10-18T11:46:46","slug":"golf","status":"publish","type":"page","link":"https:\/\/www.domainedelavalaine.com\/en\/golf\/","title":{"rendered":"Golf"},"content":{"rendered":"\n<div class=\"wp-block-group page-header no-pic\"><div class=\"wp-block-group__inner-container is-layout-flow wp-block-group-is-layout-flow\">\n<div id=\"\" class=\"wp-block-ubb-block-container container\">\n<h2 class=\"title wp-block-heading\">Le Golf d&#8217;Etretat<\/h2>\n<\/div>\n<\/div><\/div>\n\n\n\n<section class=\"wp-block-group\"><div class=\"wp-block-group__inner-container is-layout-flow wp-block-group-is-layout-flow\">\n<div id=\"\" class=\"wp-block-ubb-block-container container\">\n<div class=\"wp-block-columns is-layout-flex wp-container-core-columns-is-layout-9d6595d7 wp-block-columns-is-layout-flex\">\n<div class=\"wp-block-column is-layout-flow wp-block-column-is-layout-flow\" style=\"flex-basis:50%\">\n<p>Le golf d\u2019\u00c9tretat est un parcours de 18 trous \u2013 PAR 72 \u2013 long de 6 014 m. Ce terrain de golf b\u00e9n\u00e9ficie d\u2019un site exceptionnel, surplombant la mer et la baie d\u2019\u00c9tretat.<\/p>\n\n\n\n<p>Le magazine Golf Europ\u00e9en le classe chaque ann\u00e9e parmi les meilleurs Golfs Fran\u00e7ais. Son site en fait un des 3 plus remarquables golfs marins de France.<\/p>\n\n\n\n<p>Si vous venez jouer au golf en Normandie, vous d\u00e9couvrirez en jouant sur le parcours d\u2019\u00c9tretat un terrain exigeant d\u00e8s que le vent souffle, mais quel que soit votre score vous garderez le souvenir d\u2019un moment magique.<\/p>\n\n\n\n<p>Pour plus d&#8217;informations: <a rel=\"noreferrer noopener\" href=\"https:\/\/golfetretat.com\/\" target=\"_blank\" data-type=\"URL\" data-id=\"https:\/\/golfetretat.com\/\">Le golf d&#8217;Etretat<\/a> <\/p>\n<\/div>\n\n\n\n<div class=\"wp-block-column is-layout-flow wp-block-column-is-layout-flow\">\n<figure class=\"wp-block-embed is-type-video is-provider-youtube wp-block-embed-youtube wp-embed-aspect-16-9 wp-has-aspect-ratio\"><div class=\"wp-block-embed__wrapper\">\n<iframe title=\"Golf Etretat vue du ciel\" width=\"640\" height=\"360\" src=\"https:\/\/www.youtube.com\/embed\/sImeqDHBR9A?feature=oembed\" frameborder=\"0\" allow=\"accelerometer; autoplay; clipboard-write; encrypted-media; gyroscope; picture-in-picture; web-share\" referrerpolicy=\"strict-origin-when-cross-origin\" allowfullscreen><\/iframe>\n<\/div><\/figure>\n<\/div>\n<\/div>\n<\/div>\n<\/div><\/section>\n\n\n\n<section id=\"alentours\" class=\"wp-block-group cards\"><div class=\"wp-block-group__inner-container is-layout-flow wp-block-group-is-layout-flow\">\n<div class=\"wp-block-group section-header bg-white\"><div class=\"wp-block-group__inner-container is-layout-flow wp-block-group-is-layout-flow\">\n<div id=\"\" class=\"wp-block-ubb-block-container container\">\n<h2 class=\"title wp-block-heading\">Aux alentours<\/h2>\n\n\n\n<p>Voici une s\u00e9lection des activit\u00e9s proches<\/p>\n<\/div>\n<\/div><\/div>\n\n\n\n<div id=\"\" class=\"wp-block-ubb-block-container container\">\n<div class=\"row   \" class=\"wp-block-ubb-block-row\">\n\n<div class=\"wp-block-ubb-block-columns  col-md-4 col-xs-6\">\n<div class=\"wp-block-lazyblock-figure lazyblock-figure-2sj2hA\"><figure>\r\n  <figcaption style=\"background-image: url(https:\/\/www.domainedelavalaine.com\/wp-content\/uploads\/golf_1.jpg)\"><img style=\"background-image: url(https:\/\/www.domainedelavalaine.com\/wp-content\/uploads\/golf_1.jpg)\" alt=\"\"><\/figcaption>\r\n  <a class=\"btn btn-clean\" href=\"https:\/\/www.domainedelavalaine.com\/golf\">Le Golf<\/a>\r\n<\/figure><\/div>\n<\/div>\n\n\n<div class=\"wp-block-ubb-block-columns  col-md-4 col-xs-6\">\n<div class=\"wp-block-lazyblock-figure lazyblock-figure-ZfFvI5\"><figure>\r\n  <figcaption style=\"background-image: url(https:\/\/www.domainedelavalaine.com\/wp-content\/uploads\/equitation_1.jpg)\"><img style=\"background-image: url(https:\/\/www.domainedelavalaine.com\/wp-content\/uploads\/equitation_1.jpg)\" alt=\"\"><\/figcaption>\r\n  <a class=\"btn btn-clean\" href=\"https:\/\/www.domainedelavalaine.com\/equitation\/\">Equitation<\/a>\r\n<\/figure><\/div>\n<\/div>\n\n\n<div class=\"wp-block-ubb-block-columns  col-md-4 col-xs-6\">\n<div class=\"wp-block-lazyblock-figure lazyblock-figure-ZKzOQA\"><figure>\r\n  <figcaption style=\"background-image: url(https:\/\/www.domainedelavalaine.com\/wp-content\/uploads\/jardins_etretat-edited.jpg)\"><img style=\"background-image: url(https:\/\/www.domainedelavalaine.com\/wp-content\/uploads\/jardins_etretat-edited.jpg)\" alt=\"\"><\/figcaption>\r\n  <a class=\"btn btn-clean\" href=\"https:\/\/www.domainedelavalaine.com\/jardins-etretat\/\">Les jardins d&#8217;Etretat<\/a>\r\n<\/figure><\/div>\n<\/div>\n\n\n<div class=\"wp-block-ubb-block-columns  col-md-4 col-xs-6\">\n<div class=\"wp-block-lazyblock-figure lazyblock-figure-1gOBMM\"><figure>\r\n  <figcaption style=\"background-image: url(https:\/\/www.domainedelavalaine.com\/wp-content\/uploads\/rando_1.jpg)\"><img style=\"background-image: url(https:\/\/www.domainedelavalaine.com\/wp-content\/uploads\/rando_1.jpg)\" alt=\"\"><\/figcaption>\r\n  <a class=\"btn btn-clean\" href=\"https:\/\/www.domainedelavalaine.com\/randonnees\/\">Randonn\u00e9e<\/a>\r\n<\/figure><\/div>\n<\/div>\n\n\n<div class=\"wp-block-ubb-block-columns  col-md-4 col-xs-6\">\n<div class=\"wp-block-lazyblock-figure lazyblock-figure-LWNnK\"><figure>\r\n  <figcaption style=\"background-image: url(https:\/\/www.domainedelavalaine.com\/wp-content\/uploads\/canoe.jpg)\"><img style=\"background-image: url(https:\/\/www.domainedelavalaine.com\/wp-content\/uploads\/canoe.jpg)\" alt=\"\"><\/figcaption>\r\n  <a class=\"btn btn-clean\" href=\"https:\/\/www.domainedelavalaine.com\/canoe-kayak\/\">Cano\u00eb-kayak<\/a>\r\n<\/figure><\/div>\n<\/div>\n\n\n<div class=\"wp-block-ubb-block-columns  col-md-4 col-xs-6\">\n<div class=\"wp-block-lazyblock-figure lazyblock-figure-Z1cV22w\"><figure>\r\n  <figcaption style=\"background-image: url(https:\/\/www.domainedelavalaine.com\/wp-content\/uploads\/plages_1.jpg)\"><img style=\"background-image: url(https:\/\/www.domainedelavalaine.com\/wp-content\/uploads\/plages_1.jpg)\" alt=\"\"><\/figcaption>\r\n  <a class=\"btn btn-clean\" href=\"https:\/\/www.domainedelavalaine.com\/plages\/\">Les plages<\/a>\r\n<\/figure><\/div>\n<\/div>\n\n<\/div>\n<\/div>\n<\/div><\/section>\n","protected":false},"excerpt":{"rendered":"","protected":false},"author":1,"featured_media":0,"parent":0,"menu_order":0,"comment_status":"closed","ping_status":"closed","template":"","meta":{"footnotes":""},"class_list":["post-617","page","type-page","status-publish","hentry"],"translation":{"provider":"WPGlobus","version":"2.8.11","language":"en","enabled_languages":["fr","en"],"languages":{"fr":{"title":true,"content":true,"excerpt":false},"en":{"title":false,"content":false,"excerpt":false}}},"_links":{"self":[{"href":"https:\/\/www.domainedelavalaine.com\/en\/wp-json\/wp\/v2\/pages\/617","targetHints":{"allow":["GET"]}}],"collection":[{"href":"https:\/\/www.domainedelavalaine.com\/en\/wp-json\/wp\/v2\/pages"}],"about":[{"href":"https:\/\/www.domainedelavalaine.com\/en\/wp-json\/wp\/v2\/types\/page"}],"author":[{"embeddable":true,"href":"https:\/\/www.domainedelavalaine.com\/en\/wp-json\/wp\/v2\/users\/1"}],"replies":[{"embeddable":true,"href":"https:\/\/www.domainedelavalaine.com\/en\/wp-json\/wp\/v2\/comments?post=617"}],"version-history":[{"count":6,"href":"https:\/\/www.domainedelavalaine.com\/en\/wp-json\/wp\/v2\/pages\/617\/revisions"}],"predecessor-version":[{"id":858,"href":"https:\/\/www.domainedelavalaine.com\/en\/wp-json\/wp\/v2\/pages\/617\/revisions\/858"}],"wp:attachment":[{"href":"https:\/\/www.domainedelavalaine.com\/en\/wp-json\/wp\/v2\/media?parent=617"}],"curies":[{"name":"wp","href":"https:\/\/api.w.org\/{rel}","templated":true}]}}