{"id":621,"date":"2021-09-20T19:25:49","date_gmt":"2021-09-20T17:25:49","guid":{"rendered":"https:\/\/www2.domainedelavalaine.com\/?page_id=621"},"modified":"2021-10-18T15:40:15","modified_gmt":"2021-10-18T13:40:15","slug":"equitation","status":"publish","type":"page","link":"https:\/\/www.domainedelavalaine.com\/en\/equitation\/","title":{"rendered":"Equitation"},"content":{"rendered":"\n<div class=\"wp-block-group page-header no-pic\"><div class=\"wp-block-group__inner-container is-layout-flow wp-block-group-is-layout-flow\">\n<div id=\"\" class=\"wp-block-ubb-block-container container\">\n<h2 class=\"title wp-block-heading\">Equitation<\/h2>\n<\/div>\n<\/div><\/div>\n\n\n\n<section class=\"wp-block-group\"><div class=\"wp-block-group__inner-container is-layout-flow wp-block-group-is-layout-flow\">\n<div id=\"\" class=\"wp-block-ubb-block-container container\">\n<div class=\"wp-block-columns is-layout-flex wp-container-core-columns-is-layout-9d6595d7 wp-block-columns-is-layout-flex\">\n<div class=\"wp-block-column is-layout-flow wp-block-column-is-layout-flow\" style=\"flex-basis:50%\">\n<p>Pour les cavaliers de tout niveaux, le domaine \u00e9questre d&#8217;Etretat vous propose une visite panoramique de la valleuse d\u2019Antifer, ses falaises, ses for\u00eats et ses prairies.<\/p>\n\n\n\n<p>Ou pour les plus petits, des poneys sont \u00e0 dispositions. Vous pourrez suivre un circuit s\u00e9curis\u00e9 au c\u0153ur du centre \u00e9questre avec une tr\u00e8s belle vue sur la mer et la valleuse d\u2019Antifer.<\/p>\n\n\n\n<p>Pour plus d&#8217;informations: <a rel=\"noreferrer noopener\" href=\"http:\/\/domaine-equestre-etretat.fr\/balade\/\" target=\"_blank\">Domaine Equestre d&#8217;Etretat<\/a>  <\/p>\n<\/div>\n\n\n\n<div class=\"wp-block-column is-layout-flow wp-block-column-is-layout-flow\" style=\"flex-basis:50%\">\n<div class=\"wp-block-image\"><figure class=\"aligncenter size-full is-resized\"><img decoding=\"async\" src=\"https:\/\/www2.domainedelavalaine.com\/wp-content\/uploads\/equitation_1.jpg\" alt=\"\" class=\"wp-image-613\" width=\"512\" height=\"384\" srcset=\"https:\/\/www.domainedelavalaine.com\/wp-content\/uploads\/equitation_1.jpg 1024w, https:\/\/www.domainedelavalaine.com\/wp-content\/uploads\/equitation_1-300x225.jpg 300w, https:\/\/www.domainedelavalaine.com\/wp-content\/uploads\/equitation_1-768x576.jpg 768w, https:\/\/www.domainedelavalaine.com\/wp-content\/uploads\/equitation_1-740x555.jpg 740w, https:\/\/www.domainedelavalaine.com\/wp-content\/uploads\/equitation_1-345x259.jpg 345w\" sizes=\"(max-width: 512px) 100vw, 512px\" \/><figcaption>\u00a9 DOMAINE \u00c9QUESTRE \u00c9TRETAT <\/figcaption><\/figure><\/div>\n<\/div>\n<\/div>\n<\/div>\n<\/div><\/section>\n\n\n\n<section id=\"alentours\" class=\"wp-block-group cards\"><div class=\"wp-block-group__inner-container is-layout-flow wp-block-group-is-layout-flow\">\n<div class=\"wp-block-group section-header bg-white\"><div class=\"wp-block-group__inner-container is-layout-flow wp-block-group-is-layout-flow\">\n<div id=\"\" class=\"wp-block-ubb-block-container container\">\n<h2 class=\"title wp-block-heading\">Aux alentours<\/h2>\n\n\n\n<p>Voici une s\u00e9lection des activit\u00e9s proches<\/p>\n<\/div>\n<\/div><\/div>\n\n\n\n<div id=\"\" class=\"wp-block-ubb-block-container container\">\n<div class=\"row   \" class=\"wp-block-ubb-block-row\">\n\n<div class=\"wp-block-ubb-block-columns  col-md-4 col-xs-6\">\n<div class=\"wp-block-lazyblock-figure lazyblock-figure-2sj2hA\"><figure>\r\n  <figcaption style=\"background-image: url(https:\/\/www.domainedelavalaine.com\/wp-content\/uploads\/golf_1.jpg)\"><img style=\"background-image: url(https:\/\/www.domainedelavalaine.com\/wp-content\/uploads\/golf_1.jpg)\" alt=\"\"><\/figcaption>\r\n  <a class=\"btn btn-clean\" href=\"https:\/\/www.domainedelavalaine.com\/golf\">Le Golf<\/a>\r\n<\/figure><\/div>\n<\/div>\n\n\n<div class=\"wp-block-ubb-block-columns  col-md-4 col-xs-6\">\n<div class=\"wp-block-lazyblock-figure lazyblock-figure-ZfFvI5\"><figure>\r\n  <figcaption style=\"background-image: url(https:\/\/www.domainedelavalaine.com\/wp-content\/uploads\/equitation_1.jpg)\"><img style=\"background-image: url(https:\/\/www.domainedelavalaine.com\/wp-content\/uploads\/equitation_1.jpg)\" alt=\"\"><\/figcaption>\r\n  <a class=\"btn btn-clean\" href=\"https:\/\/www.domainedelavalaine.com\/equitation\/\">Equitation<\/a>\r\n<\/figure><\/div>\n<\/div>\n\n\n<div class=\"wp-block-ubb-block-columns  col-md-4 col-xs-6\">\n<div class=\"wp-block-lazyblock-figure lazyblock-figure-ZKzOQA\"><figure>\r\n  <figcaption style=\"background-image: url(https:\/\/www.domainedelavalaine.com\/wp-content\/uploads\/jardins_etretat-edited.jpg)\"><img style=\"background-image: url(https:\/\/www.domainedelavalaine.com\/wp-content\/uploads\/jardins_etretat-edited.jpg)\" alt=\"\"><\/figcaption>\r\n  <a class=\"btn btn-clean\" href=\"https:\/\/www.domainedelavalaine.com\/jardins-etretat\/\">Les jardins d&#8217;Etretat<\/a>\r\n<\/figure><\/div>\n<\/div>\n\n\n<div class=\"wp-block-ubb-block-columns  col-md-4 col-xs-6\">\n<div class=\"wp-block-lazyblock-figure lazyblock-figure-1gOBMM\"><figure>\r\n  <figcaption style=\"background-image: url(https:\/\/www.domainedelavalaine.com\/wp-content\/uploads\/rando_1.jpg)\"><img style=\"background-image: url(https:\/\/www.domainedelavalaine.com\/wp-content\/uploads\/rando_1.jpg)\" alt=\"\"><\/figcaption>\r\n  <a class=\"btn btn-clean\" href=\"https:\/\/www.domainedelavalaine.com\/randonnees\/\">Randonn\u00e9e<\/a>\r\n<\/figure><\/div>\n<\/div>\n\n\n<div class=\"wp-block-ubb-block-columns  col-md-4 col-xs-6\">\n<div class=\"wp-block-lazyblock-figure lazyblock-figure-LWNnK\"><figure>\r\n  <figcaption style=\"background-image: url(https:\/\/www.domainedelavalaine.com\/wp-content\/uploads\/canoe.jpg)\"><img style=\"background-image: url(https:\/\/www.domainedelavalaine.com\/wp-content\/uploads\/canoe.jpg)\" alt=\"\"><\/figcaption>\r\n  <a class=\"btn btn-clean\" href=\"https:\/\/www.domainedelavalaine.com\/canoe-kayak\/\">Cano\u00eb-kayak<\/a>\r\n<\/figure><\/div>\n<\/div>\n\n\n<div class=\"wp-block-ubb-block-columns  col-md-4 col-xs-6\">\n<div class=\"wp-block-lazyblock-figure lazyblock-figure-Z1cV22w\"><figure>\r\n  <figcaption style=\"background-image: url(https:\/\/www.domainedelavalaine.com\/wp-content\/uploads\/plages_1.jpg)\"><img style=\"background-image: url(https:\/\/www.domainedelavalaine.com\/wp-content\/uploads\/plages_1.jpg)\" alt=\"\"><\/figcaption>\r\n  <a class=\"btn btn-clean\" href=\"https:\/\/www.domainedelavalaine.com\/plages\/\">Les plages<\/a>\r\n<\/figure><\/div>\n<\/div>\n\n<\/div>\n<\/div>\n<\/div><\/section>\n","protected":false},"excerpt":{"rendered":"","protected":false},"author":1,"featured_media":0,"parent":0,"menu_order":0,"comment_status":"closed","ping_status":"closed","template":"","meta":{"footnotes":""},"class_list":["post-621","page","type-page","status-publish","hentry"],"translation":{"provider":"WPGlobus","version":"2.8.11","language":"en","enabled_languages":["fr","en"],"languages":{"fr":{"title":true,"content":true,"excerpt":false},"en":{"title":false,"content":false,"excerpt":false}}},"_links":{"self":[{"href":"https:\/\/www.domainedelavalaine.com\/en\/wp-json\/wp\/v2\/pages\/621","targetHints":{"allow":["GET"]}}],"collection":[{"href":"https:\/\/www.domainedelavalaine.com\/en\/wp-json\/wp\/v2\/pages"}],"about":[{"href":"https:\/\/www.domainedelavalaine.com\/en\/wp-json\/wp\/v2\/types\/page"}],"author":[{"embeddable":true,"href":"https:\/\/www.domainedelavalaine.com\/en\/wp-json\/wp\/v2\/users\/1"}],"replies":[{"embeddable":true,"href":"https:\/\/www.domainedelavalaine.com\/en\/wp-json\/wp\/v2\/comments?post=621"}],"version-history":[{"count":10,"href":"https:\/\/www.domainedelavalaine.com\/en\/wp-json\/wp\/v2\/pages\/621\/revisions"}],"predecessor-version":[{"id":868,"href":"https:\/\/www.domainedelavalaine.com\/en\/wp-json\/wp\/v2\/pages\/621\/revisions\/868"}],"wp:attachment":[{"href":"https:\/\/www.domainedelavalaine.com\/en\/wp-json\/wp\/v2\/media?parent=621"}],"curies":[{"name":"wp","href":"https:\/\/api.w.org\/{rel}","templated":true}]}}